{"id":65,"date":"2025-11-25T01:41:11","date_gmt":"2025-11-25T01:41:11","guid":{"rendered":"http:\/\/subbau.cz\/?page_id=65"},"modified":"2025-12-01T15:02:22","modified_gmt":"2025-12-01T15:02:22","slug":"casto-kladene-dotazy","status":"publish","type":"page","link":"https:\/\/subbau.cz\/de\/casto-kladene-dotazy\/","title":{"rendered":"H\u00e4ufig gestellte Fragen"},"content":{"rendered":"<p><style>\n  \/* --- Glob\u00e1ln\u00ed styly a resetov\u00e1n\u00ed --- *\/<br \/>\n  .faq-grid-wrapper * {<br \/>\n    box-sizing: border-box !important;<br \/>\n  }<br \/>\n  .faq-grid-wrapper {<br \/>\n    \/* Kontejner pro FAQ *\/<br \/>\n    max-width: 1200px;<br \/>\n    margin: 0 auto;<br \/>\n    padding: 20px;<br \/>\n  }<\/p>\n<p>  \/* --- Styly pro m\u0159\u00ed\u017eku ot\u00e1zek (FAQ Grid) --- *\/<br \/>\n  .faq-grid-container {<br \/>\n    display: flex !important;<br \/>\n    flex-wrap: wrap !important;<br \/>\n    gap: 20px !important; \/* Mezera mezi sloupci a \u0159\u00e1dky *\/<br \/>\n  }<br \/>\n  .faq-column {<br \/>\n    flex: 1 !important; \/* Rozd\u011blen\u00ed na dva stejn\u00e9 sloupce *\/<br \/>\n    display: flex !important;<br \/>\n    flex-direction: column !important;<br \/>\n    gap: 20px !important;<br \/>\n    min-width: 300px;<br \/>\n  }<br \/>\n  .faq-item {<br \/>\n    padding: 25px !important;<br \/>\n    border-radius: 0 !important;<br \/>\n    box-shadow: none !important;<br \/>\n    border: 1px solid #ddd !important;<br \/>\n    background-color: #fff !important; \/* V\u00fdchoz\u00ed b\u00edl\u00e9 pozad\u00ed *\/<br \/>\n    flex-grow: 1 !important; \/* D\u016fle\u017eit\u00e9: Zajist\u00ed stejnou v\u00fd\u0161ku box\u016f ve sloupci *\/<br \/>\n  }<\/p>\n<p>  \/* --- Barvy pozad\u00ed --- *\/<br \/>\n  \/* \u017dlut\u00fd box pro 1. ot\u00e1zku *\/<br \/>\n  .faq-column .faq-item:first-child {<br \/>\n    background-color: #ffc107 !important;<br \/>\n    border-color: #ff9800 !important;<br \/>\n  }<\/p>\n<p>  \/* --- Styl pro CTA box (posledn\u00ed prvek v druh\u00e9m sloupci) --- *\/<br \/>\n  .faq-cta {<br \/>\n    background-color: #f5f5ee !important; \/* Jin\u00e1 barva CTA pozad\u00ed (sv\u011btle \u0161ed\u00e1\/kr\u00e9mov\u00e1) *\/<br \/>\n    text-align: center !important;<br \/>\n    justify-content: center;<br \/>\n    align-items: center;<br \/>\n    display: flex;<br \/>\n    flex-direction: column;<br \/>\n  }<br \/>\n  .faq-cta .faq-question {<br \/>\n    font-size: 1.5em !important;<br \/>\n    margin-bottom: 15px !important;<br \/>\n  }<br \/>\n  .faq-cta .wp-block-button__link {<br \/>\n    \/* Styl tla\u010d\u00edtka z va\u0161eho jin\u00e9ho po\u017eadavku *\/<br \/>\n    display: inline-block !important;<br \/>\n    background-color: #ffc107 !important; \/* Oran\u017eovo-\u017elut\u00e1 barva *\/<br \/>\n    color: #1a1a1a !important;<br \/>\n    padding: 10px 20px !important;<br \/>\n    text-decoration: none !important;<br \/>\n    font-weight: 700 !important;<br \/>\n    border-radius: 4px !important;<br \/>\n    border: none !important;<br \/>\n  }<\/p>\n<p>  \/* --- Styly pro text --- *\/<br \/>\n  .faq-question {<br \/>\n    font-size: 1.2em !important;<br \/>\n    font-weight: 600 !important;<br \/>\n    margin-top: 0 !important;<br \/>\n    margin-bottom: 10px !important;<br \/>\n    line-height: 1.4 !important;<br \/>\n    color: #1a1a1a !important;<br \/>\n  }<br \/>\n  .faq-box p {<br \/>\n    margin: 0 !important;<br \/>\n    line-height: 1.5 !important;<br \/>\n  }<\/p>\n<p>  \/* --- Responzivita: Na mobilu pod sebou --- *\/<br \/>\n  @media (max-width: 768px) {<br \/>\n    .faq-grid-container {<br \/>\n        flex-direction: column !important;<br \/>\n    }<br \/>\n  }<br \/>\n<\/style>\n<\/p>\n<div class=\"faq-grid-wrapper\">\n<div class=\"faq-grid-container\">\n<div class=\"faq-column\">\n<div class=\"faq-item\">\n<h3 class=\"faq-question\" style=\"text-align: center;\">1) Wie hoch ist der Verdienst?<\/h3>\n<div class=\"faq-box\" style=\"text-align: center;\">\n<p>Der Verdienst h\u00e4ngt von Beruf und Erfahrung ab. Meistens liegt er zwischen 22 und 37 \u20ac\/Stunde. Den genauen Stundensatz kennen Sie immer bereits vor Arbeitsbeginn.<\/p>\n<\/div>\n<\/div>\n<div class=\"faq-item\" style=\"text-align: center;\">\n<h3 class=\"faq-question\">2) Ist es notwendig, Deutsch zu k\u00f6nnen?<\/h3>\n<div class=\"faq-box\">\n<p>Deutsch ist von Vorteil, aber nicht zwingend erforderlich. Wir versuchen, eine Gruppe so zusammenzustellen, dass mindestens eine Person im Team Deutsch spricht. Die anderen k\u00f6nnen auch ohne Deutschkenntnisse vor Ort arbeiten.<\/p>\n<\/div>\n<\/div>\n<div class=\"faq-item\" style=\"text-align: center;\">\n<h3 class=\"faq-question\">3) Was ist das Formular A1?<\/h3>\n<div class=\"faq-box\">\n<p>A1 ist eine Bescheinigung f\u00fcr die Arbeit im Ausland. Wenn Sie bereits eines haben, ist das ein Vorteil.<br data-start=\"188\" data-end=\"191\" \/>Wenn Sie noch keinen haben, kann es im Rahmen unserer Zusammenarbeit f\u00fcr Sie beantragt werden.<\/p>\n<\/div>\n<\/div>\n<div class=\"faq-item\" style=\"text-align: center;\">\n<h3 class=\"faq-question\">4) Wie funktioniert die 7\/14-Abrechnung?<\/h3>\n<div class=\"faq-box\">\n<p>Die Rechnungsstellung erfolgt je nach Art des Auftrags alle 7 oder 14 Tage. Die Zahlungen erfolgen genau zu den Terminen, die Sie im Voraus kennen.<\/p>\n<\/div>\n<\/div>\n<div class=\"faq-item\" style=\"text-align: center;\">\n<h3 class=\"faq-question\">5) Wie schnell kann ich einsteigen?<\/h3>\n<div class=\"faq-box\">\n<p>Der Starttermin liegt in der Regel zwischen 1 und 7 Tagen, je nach Beruf und Stelle. Manchmal ist es auch m\u00f6glich, sofort zu beginnen.<\/p>\n<\/div>\n<\/div>\n<div class=\"faq-item\" style=\"text-align: center;\">\n<h3 class=\"faq-question\">6) Kann ich mit einem Freund zusammenarbeiten?<\/h3>\n<div class=\"faq-box\">\n<p>Ja, solange Sie beide einen Gewerbeschein und Berufserfahrung haben, k\u00f6nnen wir Sie f\u00fcr denselben Auftrag zusammenstellen.<\/p>\n<\/div>\n<\/div>\n<\/div>\n<div class=\"faq-column\">\n<div class=\"faq-item\" style=\"text-align: center;\">\n<h3 class=\"faq-question\">7) Wie funktioniert die Unterbringung?<\/h3>\n<div class=\"faq-box\">\n<p>Wir werden immer im Voraus eine Unterkunft f\u00fcr Sie organisieren, damit Sie sicher sein k\u00f6nnen, dass Sie einen Platz bekommen. Jeder zahlt f\u00fcr seine Unterkunft selbst. Sie erhalten vor Ihrer Ankunft genaue Informationen \u00fcber den Preis, die Adresse und die Art der Unterkunft.<\/p>\n<\/div>\n<\/div>\n<div class=\"faq-item\" style=\"text-align: center;\">\n<h3 class=\"faq-question\">8) Was ist, wenn ich kein Auto habe?<\/h3>\n<div class=\"faq-box\">\n<p>F\u00fcr den Transport zu den Baustellen wird in der Regel ein Auto ben\u00f6tigt. Wenn Sie keins haben, versuchen wir, eine L\u00f6sung zu finden - manchmal ist es m\u00f6glich, einen gemeinsamen Transport mit anderen zu organisieren.<\/p>\n<\/div>\n<\/div>\n<div class=\"faq-item\" style=\"text-align: center;\">\n<h3 class=\"faq-question\">9) Arbeite ich mit Gewerbeschein?<\/h3>\n<div class=\"faq-box\">\n<p>Ja, die Zusammenarbeit findet auf selbstst\u00e4ndiger Basis (mit Gewerbeschein) statt. Wenn Sie noch keine I\u010cO haben, m\u00fcssen Sie eine solche einrichten, bevor Sie beginnen.<\/p>\n<\/div>\n<\/div>\n<div class=\"faq-item\" style=\"text-align: center;\">\n<h3 class=\"faq-question\">10) Wer ist meine Kontaktperson?<\/h3>\n<div class=\"faq-box\">\n<p>Jeder Handwerker hat seine eigene Kontaktperson, die sich um den Auftrag, das Onboarding, die Unterbringung und eventuelle Probleme am Arbeitsplatz k\u00fcmmert.<\/p>\n<\/div>\n<\/div>\n<div class=\"faq-item\">\n<h3 class=\"faq-question\" style=\"text-align: center;\">11) Was ist, wenn ich mehr als einen Beruf habe?<\/h3>\n<div class=\"faq-box\">\n<p style=\"text-align: center;\">W\u00e4hlen Sie einen Hauptberuf und geben Sie die anderen im Kommentarbereich des Formulars an. Es ist ein Vorteil - wir haben verschiedene Arten von Auftr\u00e4gen.<\/p>\n<\/div>\n<\/div>\n<\/div>\n<\/div>\n<\/div>\n\n\n<h3 class=\"wp-block-heading has-text-align-center\">Ich m\u00f6chte mich anmelden<\/h3>\n\n\n\n<div class=\"wp-block-buttons is-content-justification-center is-layout-flex wp-container-core-buttons-is-layout-16018d1d wp-block-buttons-is-layout-flex\">\n<div class=\"wp-block-button\"><a class=\"wp-block-button__link wp-element-button\" href=\"https:\/\/forms.gle\/LwgaADy3Nzv6MZS1A\" target=\"_blank\" rel=\"noreferrer noopener\">Formular ausf\u00fcllen<\/a><\/div>\n<\/div>\n\n\n\n<p><\/p>","protected":false},"excerpt":{"rendered":"<p>1) Jak\u00e1 je v\u00fdplata? V\u00fdd\u011blek se odv\u00edj\u00ed od profese a zku\u0161enost\u00ed. Nej\u010dast\u011bji se pohybuje mezi 22 a\u017e 37 \u20ac\/hod. P\u0159esnou sazbu v\u00edte v\u017edy je\u0161t\u011b p\u0159ed n\u00e1stupem. 2) Je pot\u0159eba um\u011bt n\u011bmecky? N\u011bm\u010dina je v\u00fdhodou, ale nen\u00ed povinn\u00e1. Sna\u017e\u00edme se skl\u00e1dat party tak, aby byl v t\u00fdmu alespo\u0148 jeden \u010dlov\u011bk, kter\u00fd se domluv\u00ed n\u011bmecky. Ostatn\u00ed se [&hellip;]<\/p>","protected":false},"author":1,"featured_media":0,"parent":0,"menu_order":0,"comment_status":"closed","ping_status":"closed","template":"","meta":{"footnotes":"[]"},"class_list":["post-65","page","type-page","status-publish","hentry"],"_links":{"self":[{"href":"https:\/\/subbau.cz\/de\/wp-json\/wp\/v2\/pages\/65","targetHints":{"allow":["GET"]}}],"collection":[{"href":"https:\/\/subbau.cz\/de\/wp-json\/wp\/v2\/pages"}],"about":[{"href":"https:\/\/subbau.cz\/de\/wp-json\/wp\/v2\/types\/page"}],"author":[{"embeddable":true,"href":"https:\/\/subbau.cz\/de\/wp-json\/wp\/v2\/users\/1"}],"replies":[{"embeddable":true,"href":"https:\/\/subbau.cz\/de\/wp-json\/wp\/v2\/comments?post=65"}],"version-history":[{"count":42,"href":"https:\/\/subbau.cz\/de\/wp-json\/wp\/v2\/pages\/65\/revisions"}],"predecessor-version":[{"id":525,"href":"https:\/\/subbau.cz\/de\/wp-json\/wp\/v2\/pages\/65\/revisions\/525"}],"wp:attachment":[{"href":"https:\/\/subbau.cz\/de\/wp-json\/wp\/v2\/media?parent=65"}],"curies":[{"name":"wp","href":"https:\/\/api.w.org\/{rel}","templated":true}]}}