{"id":59,"date":"2025-11-25T00:54:54","date_gmt":"2025-11-25T00:54:54","guid":{"rendered":"http:\/\/subbau.cz\/?page_id=59"},"modified":"2025-11-26T21:48:35","modified_gmt":"2025-11-26T21:48:35","slug":"jak-to-funguje","status":"publish","type":"page","link":"https:\/\/subbau.cz\/de\/jak-to-funguje\/","title":{"rendered":"So funktioniert es"},"content":{"rendered":"<div class=\"wp-block-group card\"><div class=\"wp-block-group__inner-container is-layout-constrained wp-block-group-is-layout-constrained\">\n<h3 class=\"wp-block-heading\">1) F\u00fcllen Sie ein kurzes Formular aus<\/h3>\n\n\n\n<p>Alles, was wir ben\u00f6tigen, sind einige grundlegende Informationen - Ihr Beruf, Ihre Erfahrung und Ihre Telefonnummer. Das Ausf\u00fcllen des Formulars dauert weniger als 2 Minuten.<\/p>\n<\/div><\/div>\n\n\n\n<div class=\"wp-block-group card\"><div class=\"wp-block-group__inner-container is-layout-constrained wp-block-group-is-layout-constrained\">\n<h3 class=\"wp-block-heading\">2) Wir rufen Sie an und besprechen die Details.<\/h3>\n\n\n\n<p>Wir werden uns innerhalb von 72 Stunden mit Ihnen in Verbindung setzen. Wir werden es gemeinsam durchgehen:<\/p>\n\n\n\n<ul class=\"wp-block-list\">\n<li>Ihre Berufserfahrung<\/li>\n\n\n\n<li>Datum der m\u00f6glichen Ankunft<\/li>\n\n\n\n<li>Unterkunft<\/li>\n\n\n\n<li>Stundensatz<\/li>\n\n\n\n<li>Einsatzort<\/li>\n<\/ul>\n\n\n\n<p>Wir versprechen nichts im Voraus - wir sagen Ihnen alles ganz offen am Telefon.<\/p>\n<\/div><\/div>\n\n\n\n<div class=\"wp-block-group card\"><div class=\"wp-block-group__inner-container is-layout-constrained wp-block-group-is-layout-constrained\">\n<h3 class=\"wp-block-heading\">3) Sie erhalten genaue Informationen zum Auftrag<\/h3>\n\n\n\n<p>Jeder Handwerker wei\u00df im Voraus<\/p>\n\n\n\n<ul class=\"wp-block-list\">\n<li>die genaue Adresse<\/li>\n\n\n\n<li>Stundensatz in \u20ac\/Stunde<\/li>\n\n\n\n<li>Art der Arbeit<\/li>\n\n\n\n<li>Wer die Kontaktperson ist<\/li>\n\n\n\n<li>der mit ihm auf der Website ist<\/li>\n\n\n\n<li>Wie die Unterkunft geregelt ist<\/li>\n<\/ul>\n\n\n\n<p>Keine \u00dcberraschungen vor Ort.<\/p>\n<\/div><\/div>\n\n\n\n<div class=\"wp-block-group card\"><div class=\"wp-block-group__inner-container is-layout-constrained wp-block-group-is-layout-constrained\">\n<h3 class=\"wp-block-heading\">4) Vertragsunterzeichnung und A1<\/h3>\n\n\n\n<p>Sie arbeiten bei uns auf selbstst\u00e4ndiger Basis (Gewerbeschein). Wenn Sie noch keine A1 haben, wird dieses f\u00fcr Sie beantragt, sobald Sie den Vertrag unterschreiben.<\/p>\n<\/div><\/div>\n\n\n\n<div class=\"wp-block-group card\"><div class=\"wp-block-group__inner-container is-layout-constrained wp-block-group-is-layout-constrained\">\n<h3 class=\"wp-block-heading\">5) Einarbeitung<\/h3>\n\n\n\n<p>Der Start ist in der Regel m\u00f6glich:<\/p>\n\n\n\n<ul class=\"wp-block-list\">\n<li>innerhalb von 1-7 Tagen nach Vereinbarung<\/li>\n\n\n\n<li>manchmal sofort, wenn es eine freie Stelle gibt<\/li>\n<\/ul>\n\n\n\n<p>Sie erhalten alle wichtigen Informationen per SMS oder WhatsApp<\/p>\n<\/div><\/div>\n\n\n\n<div class=\"wp-block-group card\"><div class=\"wp-block-group__inner-container is-layout-constrained wp-block-group-is-layout-constrained\">\n<h3 class=\"wp-block-heading\">6) Laufende Unterst\u00fctzung<\/h3>\n\n\n\n<p>Jeder Mitarbeiter hat seine eigene Kontaktperson, die f\u00fcr ihn zust\u00e4ndig ist:<\/p>\n\n\n\n<ul class=\"wp-block-list\">\n<li>Arbeit<\/li>\n\n\n\n<li>Unterkunft<\/li>\n\n\n\n<li>Unklarheiten<\/li>\n\n\n\n<li>Probleme vor Ort<\/li>\n<\/ul>\n<\/div><\/div>\n\n\n\n<div class=\"wp-block-group card\"><div class=\"wp-block-group__inner-container is-layout-constrained wp-block-group-is-layout-constrained\">\n<h3 class=\"wp-block-heading\">7) Abrechnung und Auszahlung<\/h3>\n\n\n\n<p>Die Abrechnung erfolgt regelm\u00e4\u00dfig:<\/p>\n\n\n\n<ul class=\"wp-block-list\">\n<li>alle 7 oder 14 Tage, je nach Art des Auftrags<\/li>\n\n\n\n<li>immer p\u00fcnktlich<\/li>\n<\/ul>\n<\/div><\/div>","protected":false},"excerpt":{"rendered":"<p>1) Vypln\u00edte kr\u00e1tk\u00fd formul\u00e1\u0159 Sta\u010d\u00ed n\u00e1m jen z\u00e1kladn\u00ed informace \u2013 va\u0161e profese, praxe a telefon. Formul\u00e1\u0159 trv\u00e1 vyplnit m\u00e9n\u011b ne\u017e 2 minuty. 2) Zavol\u00e1me v\u00e1m a domluv\u00edme detaily Ozveme se v\u00e1m nejpozd\u011bji do 72 hodin. Projdeme spolu: Nic neslibujeme p\u0159edem \u2014 v\u0161e v\u00e1m \u0159ekneme f\u00e9rov\u011b po telefonu. 3) Dostanete p\u0159esn\u00e9 informace o zak\u00e1zce Ka\u017ed\u00fd pracovn\u00edk [&hellip;]<\/p>","protected":false},"author":1,"featured_media":0,"parent":0,"menu_order":0,"comment_status":"closed","ping_status":"closed","template":"","meta":{"footnotes":""},"class_list":["post-59","page","type-page","status-publish","hentry"],"_links":{"self":[{"href":"https:\/\/subbau.cz\/de\/wp-json\/wp\/v2\/pages\/59","targetHints":{"allow":["GET"]}}],"collection":[{"href":"https:\/\/subbau.cz\/de\/wp-json\/wp\/v2\/pages"}],"about":[{"href":"https:\/\/subbau.cz\/de\/wp-json\/wp\/v2\/types\/page"}],"author":[{"embeddable":true,"href":"https:\/\/subbau.cz\/de\/wp-json\/wp\/v2\/users\/1"}],"replies":[{"embeddable":true,"href":"https:\/\/subbau.cz\/de\/wp-json\/wp\/v2\/comments?post=59"}],"version-history":[{"count":18,"href":"https:\/\/subbau.cz\/de\/wp-json\/wp\/v2\/pages\/59\/revisions"}],"predecessor-version":[{"id":216,"href":"https:\/\/subbau.cz\/de\/wp-json\/wp\/v2\/pages\/59\/revisions\/216"}],"wp:attachment":[{"href":"https:\/\/subbau.cz\/de\/wp-json\/wp\/v2\/media?parent=59"}],"curies":[{"name":"wp","href":"https:\/\/api.w.org\/{rel}","templated":true}]}}