{"id":57,"date":"2025-11-25T00:40:37","date_gmt":"2025-11-25T00:40:37","guid":{"rendered":"http:\/\/subbau.cz\/?page_id=57"},"modified":"2025-12-03T13:13:17","modified_gmt":"2025-12-03T13:13:17","slug":"profese","status":"publish","type":"page","link":"https:\/\/subbau.cz\/de\/profese\/","title":{"rendered":"Berufe"},"content":{"rendered":"<div class=\"faq-grid-wrapper\">\n<div class=\"faq-grid-container\">\n<p><!-- LEV\u00dd SLOUPEC --><\/p>\n<div class=\"faq-column\">\n<p><!-- Instalat\u00e9r \/ Topen\u00e1\u0159 --><\/p>\n<\/div>\n<div class=\"faq-column\">\n<div class=\"faq-item faq-cta\">\n<div class=\"faq-box\">\n<p style=\"text-align: center;\"><strong>Dachdecker<\/strong><br \/>* Pultd\u00e4cher <br \/>* Flachd\u00e4cher <br \/>* Montage von Fallrohren und Dachrinnen <br \/>* Verdienst: 25\u201335 \u20ac \/ Stunde<\/p>\n<p style=\"text-align: center;\"><strong>Schreiner<\/strong><br \/>* D\u00e4cher, Holzgeb\u00e4ude und Pergolen<br \/>* Arbeiten an Hallen und Wohngeb\u00e4uden<br \/>* Verdienst: 23\u201335 \u20ac \/ Stunde<\/p>\n<p style=\"text-align: center;\"><strong>Klempner<\/strong> <br \/>* Blecharbeiten am Dach <br \/>* Blechfassaden<br \/>* Wellblech <br \/>* Montage von Fallrohren und Dachrinnen<br \/>* Verdienst: 30\u201335 \u20ac \/ Stunde<\/p>\n<p style=\"text-align: center;\"><strong>Maurer<\/strong><br \/>* Rohbauarbeiten<br \/>* Umbauten und Verputzarbeiten<br \/>* Fassaden <br \/>* Verdienst: 22\u201328 \u20ac \/ Stunde<\/p>\n<p style=\"text-align: center;\"><strong>Elektriker<\/strong><br \/>* Installationen im Wohn- und Industriebereich<br \/>* Kabelziehen, Schaltschrankarbeiten<br \/>* 26\u201336 \u20ac \/ Stunde<\/p>\n<p style=\"text-align: center;\"><strong>Klempner \/ Heizungsbauer<\/strong><br \/>* Wasser - Heizung - Gas<br \/>* Umbauten und Neubauten<br \/>* Verdienst: 25\u201335 \u20ac \/ Stunde<\/p>\n<\/div>\n<h3 class=\"faq-question\" style=\"text-align: center;\">Haben Sie Ihren Beruf hier nicht gefunden?<\/h3>\n<p style=\"text-align: center;\">Wir haben mehr Angebote, als wir auf der Website auff\u00fchren. F\u00fcllen Sie das Formular aus und wir werden die M\u00f6glichkeiten der Zusammenarbeit pr\u00fcfen.<\/p>\n<\/div>\n<\/div>\n<\/div>\n<\/div>\n\n\n<div class=\"wp-block-buttons is-content-justification-center is-layout-flex wp-container-core-buttons-is-layout-16018d1d wp-block-buttons-is-layout-flex\">\n<div class=\"wp-block-button\"><a class=\"wp-block-button__link wp-element-button\" href=\"https:\/\/forms.gle\/LwgaADy3Nzv6MZS1A\" target=\"_blank\" rel=\"noreferrer noopener\">Formular ausf\u00fcllen<\/a><\/div>\n<\/div>","protected":false},"excerpt":{"rendered":"<p>Pokr\u00fdva\u010d* \u0160ikm\u00e9 st\u0159echy * Rovn\u00e9 st\u0159echy * D\u00e1le mont\u00e1\u017e svodu a \u017elab\u016f * V\u00fdd\u011blek 25-35\u20ac \/ hod Tesa\u0159* Krovy, d\u0159evostavby a pergoly* Pr\u00e1ce na hal\u00e1ch i rodinn\u00fdch domech* V\u00fdd\u011blek:23-35 \u20ac \/ hod Klemp\u00ed\u0159 * B\u011b\u017en\u011b klep\u00ed\u0159sk\u00e9 st\u0159e\u0161n\u00ed pr\u00e1ce * Plechov\u00e9 fas\u00e1dy* Falcovan\u00e9 plechy * Mont\u00e1\u017e svodu a okapn\u00edch \u017elab\u016f* v\u00fdd\u011blek: 30-35 \u20ac \/ hod Zedn\u00edk* [&hellip;]<\/p>","protected":false},"author":1,"featured_media":0,"parent":0,"menu_order":0,"comment_status":"closed","ping_status":"closed","template":"","meta":{"footnotes":""},"class_list":["post-57","page","type-page","status-publish","hentry"],"_links":{"self":[{"href":"https:\/\/subbau.cz\/de\/wp-json\/wp\/v2\/pages\/57","targetHints":{"allow":["GET"]}}],"collection":[{"href":"https:\/\/subbau.cz\/de\/wp-json\/wp\/v2\/pages"}],"about":[{"href":"https:\/\/subbau.cz\/de\/wp-json\/wp\/v2\/types\/page"}],"author":[{"embeddable":true,"href":"https:\/\/subbau.cz\/de\/wp-json\/wp\/v2\/users\/1"}],"replies":[{"embeddable":true,"href":"https:\/\/subbau.cz\/de\/wp-json\/wp\/v2\/comments?post=57"}],"version-history":[{"count":29,"href":"https:\/\/subbau.cz\/de\/wp-json\/wp\/v2\/pages\/57\/revisions"}],"predecessor-version":[{"id":548,"href":"https:\/\/subbau.cz\/de\/wp-json\/wp\/v2\/pages\/57\/revisions\/548"}],"wp:attachment":[{"href":"https:\/\/subbau.cz\/de\/wp-json\/wp\/v2\/media?parent=57"}],"curies":[{"name":"wp","href":"https:\/\/api.w.org\/{rel}","templated":true}]}}