{"id":26,"date":"2025-11-24T19:02:09","date_gmt":"2025-11-24T19:02:09","guid":{"rendered":"http:\/\/subbau.cz\/?page_id=26"},"modified":"2025-12-04T19:30:45","modified_gmt":"2025-12-04T19:30:45","slug":"kontakt","status":"publish","type":"page","link":"https:\/\/subbau.cz\/de\/kontakt\/","title":{"rendered":"Kontakt"},"content":{"rendered":"<h1 class=\"wp-block-heading\"><\/h1>\n\n\n\n<p>Sind Sie an einer T\u00e4tigkeit in Deutschland interessiert?\nF\u00fcllen Sie das kurze Formular aus oder kontaktieren Sie uns direkt.<\/p>\n\n\n\n<div class=\"wp-block-buttons is-layout-flex wp-block-buttons-is-layout-flex\">\n<div class=\"wp-block-button\"><a class=\"wp-block-button__link wp-element-button\" href=\"https:\/\/docs.google.com\/forms\/d\/e\/1FAIpQLSc_gS2M8psgGZAeHpdvNKSLHu9jSR-IdNcVbsk26mqdIpKyig\/viewform\" target=\"_blank\" rel=\"noreferrer noopener\">Formular ausf\u00fcllen<\/a><\/div>\n<\/div>\n\n\n\n<p><\/p>\n\n\n\n<h1 class=\"wp-block-heading\">Kontaktangaben<\/h1>\n\n\n\n<p><strong>Telefon:<\/strong> \ud83c\udde8\ud83c\uddff<a href=\"tel:420608884873\">+420 608 884 873<\/a><\/p>\n\n\n\n<p><strong>Telefon:<\/strong> \ud83c\udde9\ud83c\uddea<a href=\"https:\/\/subbau.cz\/de\/kontakt\/\" data-type=\"page\" data-id=\"26\">+49 15145622466<\/a><\/p>\n\n\n\n<p><strong>E-Mail:<\/strong> <a href=\"mailto:info@subbau.cz\">subbau@subbau.cz<\/a><\/p>\n\n\n\n<h1 class=\"wp-block-heading\"><br><strong>Hauptsitz - Tschechien<\/strong><\/h1>\n\n\n\n<p>SubBau s.r.o.<br>\ud83d\udccd&nbsp;<strong>Plze\u0148sk\u00e1 3352\/156, Sm\u00edchov, 150 00 Prag<\/strong><br>\ud83d\udcde \ud83c\udde8\ud83c\uddff+<a href=\"tel:420608884873\">420 608 884 873<\/a><br>\u2709\ufe0f&nbsp;<a>subbau@subbau.cz<\/a><\/p>\n\n\n\n<h1 class=\"wp-block-heading\"><strong>Kontaktadresse - Deutschland<\/strong><\/h1>\n\n\n\n<p>\ud83d\udccd Neust\u00e4dter Stra\u00dfe 43c, 16816 Neuruppin<br>\ud83d\udcde \ud83c\udde9\ud83c\uddea+<a href=\"tel:4915145622466\">49 151 456 224 66<\/a><br>\u2709\ufe0f\u00a0<strong><a>subbau@subbau.cz<\/a><\/strong><\/p>","protected":false},"excerpt":{"rendered":"<p>M\u00e1te z\u00e1jem o pr\u00e1ci v N\u011bmecku? Vypl\u0148te kr\u00e1tk\u00fd formul\u00e1\u0159 nebo n\u00e1s kontaktujte p\u0159\u00edmo. Kontaktn\u00ed \u00fadaje Telefon: \ud83c\udde8\ud83c\uddff+420 608 884 873 Telefon: \ud83c\udde9\ud83c\uddea+49&nbsp;15145622466 E-mail: subbau@subbau.cz S\u00eddlo firmy \u2013 \u010cesk\u00e1 republika SubBau s.r.o.\ud83d\udccd&nbsp;Plze\u0148sk\u00e1 3352\/156, Sm\u00edchov, 150 00 Praha\ud83d\udcde \ud83c\udde8\ud83c\uddff+420 608 884 873\u2709\ufe0f&nbsp;subbau@subbau.cz Kontaktn\u00ed adresa \u2013 N\u011bmecko \ud83d\udccd Neust\u00e4dter Stra\u00dfe 43c, 16816 Neuruppin\ud83d\udcde \ud83c\udde9\ud83c\uddea+49 151 456 224 66\u2709\ufe0f\u00a0subbau@subbau.cz<\/p>","protected":false},"author":1,"featured_media":0,"parent":0,"menu_order":0,"comment_status":"closed","ping_status":"closed","template":"","meta":{"footnotes":""},"class_list":["post-26","page","type-page","status-publish","hentry"],"_links":{"self":[{"href":"https:\/\/subbau.cz\/de\/wp-json\/wp\/v2\/pages\/26","targetHints":{"allow":["GET"]}}],"collection":[{"href":"https:\/\/subbau.cz\/de\/wp-json\/wp\/v2\/pages"}],"about":[{"href":"https:\/\/subbau.cz\/de\/wp-json\/wp\/v2\/types\/page"}],"author":[{"embeddable":true,"href":"https:\/\/subbau.cz\/de\/wp-json\/wp\/v2\/users\/1"}],"replies":[{"embeddable":true,"href":"https:\/\/subbau.cz\/de\/wp-json\/wp\/v2\/comments?post=26"}],"version-history":[{"count":11,"href":"https:\/\/subbau.cz\/de\/wp-json\/wp\/v2\/pages\/26\/revisions"}],"predecessor-version":[{"id":566,"href":"https:\/\/subbau.cz\/de\/wp-json\/wp\/v2\/pages\/26\/revisions\/566"}],"wp:attachment":[{"href":"https:\/\/subbau.cz\/de\/wp-json\/wp\/v2\/media?parent=26"}],"curies":[{"name":"wp","href":"https:\/\/api.w.org\/{rel}","templated":true}]}}